{"id":27,"date":"2022-10-07T14:43:44","date_gmt":"2022-10-07T14:43:44","guid":{"rendered":"https:\/\/luckyjet.co.com\/?page_id=27"},"modified":"2024-03-12T18:02:22","modified_gmt":"2024-03-12T18:02:22","slug":"how-to-download-lucky-jet-app","status":"publish","type":"page","link":"https:\/\/luckyjet.co.com\/pt\/download-lucky-jet-app\/","title":{"rendered":"Como baixar o aplicativo Lucky Jet"},"content":{"rendered":"<div style=\"text-align: center;\"><a class=\"glow-button\" href=\"#go\" data-go=\"go\">Jogue Lucky Jet no 1Win Casino<\/a><\/div>\n\n\n\n<p>\u00c9 simples come\u00e7ar a tocar o <a href=\"https:\/\/luckyjet.co.com\/pt\/\">Jogo Lucky Jet<\/a>. O jogo ser\u00e1 acess\u00edvel para Android, iOS, e Windows ou MacOS.<\/p>\n\n\n<div class=\"wp-block-image\">\n<figure class=\"aligncenter\"><a href=\"#go\" data-go=\"go\" rel=\"noreferrer noopener\"><img decoding=\"async\" width=\"1022\" height=\"500\" src=\"https:\/\/luckyjet.co.com\/wp-content\/uploads\/2022\/10\/Jucky-Jet-App.jpg\" alt=\"Aplicativo Lucky Jet\" class=\"wp-image-38\" srcset=\"https:\/\/luckyjet.co.com\/wp-content\/uploads\/2022\/10\/Jucky-Jet-App.jpg 1022w, https:\/\/luckyjet.co.com\/wp-content\/uploads\/2022\/10\/Jucky-Jet-App-300x147.jpg 300w, https:\/\/luckyjet.co.com\/wp-content\/uploads\/2022\/10\/Jucky-Jet-App-768x376.jpg 768w, https:\/\/luckyjet.co.com\/wp-content\/uploads\/2022\/10\/Jucky-Jet-App-82x40.jpg 82w, https:\/\/luckyjet.co.com\/wp-content\/uploads\/2022\/10\/Jucky-Jet-App-65x32.jpg 65w, https:\/\/luckyjet.co.com\/wp-content\/uploads\/2022\/10\/Jucky-Jet-App-164x80.jpg 164w, https:\/\/luckyjet.co.com\/wp-content\/uploads\/2022\/10\/Jucky-Jet-App-276x135.jpg 276w\" sizes=\"(max-width: 1022px) 100vw, 1022px\" \/><\/a><figcaption class=\"wp-element-caption\">Aplicativo Lucky Jet<\/figcaption><\/figure>\n<\/div>\n\n\n<p>O Lucky Jet \u00e9 apenas um jogo de navegador que voc\u00ea n\u00e3o vai encontrar em nenhuma loja de aplicativos. Isto se deve \u00e0 pol\u00edtica da Apple AppStore e da Loja de Jogos do Google de n\u00e3o permitir jogos de dinheiro real em seus cat\u00e1logos. Entretanto, isto funciona a nosso favor porque tudo o que voc\u00ea precisa para jogar o jogo \u00e9 um telefone, computador ou tablet com um navegador, basta seguir o link e come\u00e7ar a jogar!<\/p>\n\n\n\n<figure class=\"wp-block-table\"><table><tbody><tr><td>Vers\u00e3o de aplica\u00e7\u00e3o<\/td><td>37.02<\/td><\/tr><tr><td>Custo<\/td><td>Gr\u00e1tis<\/td><\/tr><tr><td>OS<\/td><td>iOS, Android<\/td><\/tr><tr><td>Mercado de jogos<\/td><td>N\u00e3o dispon\u00edvel<\/td><\/tr><tr><td>Loja da Apple<\/td><td>N\u00e3o dispon\u00edvel<\/td><\/tr><tr><td>Volume para Android<\/td><td>43,12 Mb<\/td><\/tr><tr><td>Volume para iOS<\/td><td>23,4 Mb<\/td><\/tr><tr><td>Servi\u00e7o de cassino<\/td><td>Sim, se voc\u00ea tem uma conta<\/td><\/tr><\/tbody><\/table><\/figure>\n\n\n\n<div id=\"ez-toc-container\" class=\"ez-toc-v2_0_75 counter-hierarchy ez-toc-counter ez-toc-grey ez-toc-container-direction\">\n<div class=\"ez-toc-title-container\">\n<p class=\"ez-toc-title\" style=\"cursor:inherit\">\u00cdndice<\/p>\n<span class=\"ez-toc-title-toggle\"><a href=\"#\" class=\"ez-toc-pull-right ez-toc-btn ez-toc-btn-xs ez-toc-btn-default ez-toc-toggle\" aria-label=\"Alternar tabela de conte\u00fado\"><span class=\"ez-toc-js-icon-con\"><span class=\"\"><span class=\"eztoc-hide\" style=\"display:none;\">Alternar<\/span><span class=\"ez-toc-icon-toggle-span\"><svg style=\"fill: #999;color:#999\" xmlns=\"http:\/\/www.w3.org\/2000\/svg\" class=\"list-377408\" width=\"20px\" height=\"20px\" viewbox=\"0 0 24 24\" fill=\"none\"><path d=\"M6 6H4v2h2V6zm14 0H8v2h12V6zM4 11h2v2H4v-2zm16 0H8v2h12v-2zM4 16h2v2H4v-2zm16 0H8v2h12v-2z\" fill=\"currentColor\"><\/path><\/svg><svg style=\"fill: #999;color:#999\" class=\"arrow-unsorted-368013\" xmlns=\"http:\/\/www.w3.org\/2000\/svg\" width=\"10px\" height=\"10px\" viewbox=\"0 0 24 24\" version=\"1.2\" baseprofile=\"tiny\"><path d=\"M18.2 9.3l-6.2-6.3-6.2 6.3c-.2.2-.3.4-.3.7s.1.5.3.7c.2.2.4.3.7.3h11c.3 0 .5-.1.7-.3.2-.2.3-.5.3-.7s-.1-.5-.3-.7zM5.8 14.7l6.2 6.3 6.2-6.3c.2-.2.3-.5.3-.7s-.1-.5-.3-.7c-.2-.2-.4-.3-.7-.3h-11c-.3 0-.5.1-.7.3-.2.2-.3.5-.3.7s.1.5.3.7z\"\/><\/svg><\/span><\/span><\/span><\/a><\/span><\/div>\n<nav><ul class='ez-toc-list ez-toc-list-level-1 eztoc-toggle-hide-by-default' ><li class='ez-toc-page-1 ez-toc-heading-level-2'><a class=\"ez-toc-link ez-toc-heading-1\" href=\"https:\/\/luckyjet.co.com\/pt\/download-lucky-jet-app\/#Play_Lucky_Jet_for_free_at_1Win_Casino\" >Jogue Lucky Jet gratuitamente no 1Win Casino<\/a><\/li><li class='ez-toc-page-1 ez-toc-heading-level-2'><a class=\"ez-toc-link ez-toc-heading-2\" href=\"https:\/\/luckyjet.co.com\/pt\/download-lucky-jet-app\/#Download_Lucky_Jet_%E2%80%93_Play_for_real_money\" >Download Lucky Jet - Jogue por dinheiro real<\/a><\/li><li class='ez-toc-page-1 ez-toc-heading-level-2'><a class=\"ez-toc-link ez-toc-heading-3\" href=\"https:\/\/luckyjet.co.com\/pt\/download-lucky-jet-app\/#Download_app_on_your_Android\" >Baixe o aplicativo no seu Android<\/a><ul class='ez-toc-list-level-3' ><li class='ez-toc-heading-level-3'><a class=\"ez-toc-link ez-toc-heading-4\" href=\"https:\/\/luckyjet.co.com\/pt\/download-lucky-jet-app\/#Follow_the_link\" >Siga o link:<\/a><\/li><li class='ez-toc-page-1 ez-toc-heading-level-3'><a class=\"ez-toc-link ez-toc-heading-5\" href=\"https:\/\/luckyjet.co.com\/pt\/download-lucky-jet-app\/#Use_Chrome_menu\" >Use o menu cromado:<\/a><\/li><\/ul><\/li><li class='ez-toc-page-1 ez-toc-heading-level-2'><a class=\"ez-toc-link ez-toc-heading-6\" href=\"https:\/\/luckyjet.co.com\/pt\/download-lucky-jet-app\/#Download_for_iOS\" >Download para iOS<\/a><\/li><li class='ez-toc-page-1 ez-toc-heading-level-2'><a class=\"ez-toc-link ez-toc-heading-7\" href=\"https:\/\/luckyjet.co.com\/pt\/download-lucky-jet-app\/#Play_Lucky_Jet_game_on_your_computer\" >Jogue o jogo Lucky Jet no seu computador<\/a><\/li><li class='ez-toc-page-1 ez-toc-heading-level-2'><a class=\"ez-toc-link ez-toc-heading-8\" href=\"https:\/\/luckyjet.co.com\/pt\/download-lucky-jet-app\/#Conclusion\" >Conclus\u00e3o<\/a><\/li><\/ul><\/nav><\/div>\n<h2 class=\"wp-block-heading\"><span class=\"ez-toc-section\" id=\"Play_Lucky_Jet_for_free_at_1Win_Casino\"><\/span>Jogue Lucky Jet gratuitamente no 1Win Casino<span class=\"ez-toc-section-end\"><\/span><\/h2>\n\n\n\n<p>Tenha a oportunidade de relaxar e se divertir com o Lucky Jet, sem gastar um centavo. Os cassinos online oferecem a cada jogador um saldo de b\u00f4nus para jogar slots, roleta, p\u00f4quer ou jogos de boliche. Siga o link, registre-se e comece a jogar sem riscos.<\/p>\n\n\n\n<div style=\"text-align: center;\"><a class=\"glow-button\" href=\"#go\" data-go=\"go\">\ud83d\udcf1 Baixar o jogo Lucky Jet<\/a><\/div>\n\n\n\n<h2 class=\"wp-block-heading\"><span class=\"ez-toc-section\" id=\"Download_Lucky_Jet_%E2%80%93_Play_for_real_money\"><\/span>Download Lucky Jet - Jogue por dinheiro real<span class=\"ez-toc-section-end\"><\/span><\/h2>\n\n\n\n<p>A \u00fanica maneira de desfrutar verdadeiramente de um jogo \u00e9 quando h\u00e1 uma chance de ganhar em grande. E com o jogo Lucky Jet, isso \u00e9 definitivamente poss\u00edvel! Especialmente se voc\u00ea seguir nossas estrat\u00e9gias simples. Com apenas alguns cliques, Lucky Joe pode ajudar a multiplicar significativamente sua renda. Para ter sempre acesso ao jogo do Lucky Jet, basta seguir as instru\u00e7\u00f5es abaixo.<\/p>\n\n\n<div class=\"wp-block-image wp-image-40 size-full\">\n<figure class=\"aligncenter\"><a href=\"#go\" data-go=\"go\" rel=\"noreferrer noopener\"><img decoding=\"async\" width=\"439\" height=\"459\" src=\"https:\/\/luckyjet.co.com\/wp-content\/uploads\/2022\/10\/Download-Jucky-Jet.jpg\" alt=\"Baixar Lucky Jet\" class=\"wp-image-40\" srcset=\"https:\/\/luckyjet.co.com\/wp-content\/uploads\/2022\/10\/Download-Jucky-Jet.jpg 439w, https:\/\/luckyjet.co.com\/wp-content\/uploads\/2022\/10\/Download-Jucky-Jet-287x300.jpg 287w, https:\/\/luckyjet.co.com\/wp-content\/uploads\/2022\/10\/Download-Jucky-Jet-38x40.jpg 38w, https:\/\/luckyjet.co.com\/wp-content\/uploads\/2022\/10\/Download-Jucky-Jet-31x32.jpg 31w, https:\/\/luckyjet.co.com\/wp-content\/uploads\/2022\/10\/Download-Jucky-Jet-77x80.jpg 77w, https:\/\/luckyjet.co.com\/wp-content\/uploads\/2022\/10\/Download-Jucky-Jet-129x135.jpg 129w\" sizes=\"(max-width: 439px) 100vw, 439px\" \/><\/a><figcaption class=\"wp-element-caption\">Baixar Lucky Jet<\/figcaption><\/figure>\n<\/div>\n\n\n<h2 class=\"wp-block-heading\"><span class=\"ez-toc-section\" id=\"Download_app_on_your_Android\"><\/span>Baixe o aplicativo no seu Android<span class=\"ez-toc-section-end\"><\/span><\/h2>\n\n\n\n<p>Voc\u00ea pode acessar facilmente o jogo em tablets Android instalando o aplicativo. Basta procurar pelo Lucky Jet no cat\u00e1logo de jogos depois de instalar o aplicativo. Se voc\u00ea estiver usando um telefone, acesse o site do cassino no navegador Chrome. H\u00e1 duas maneiras de instalar o aplicativo:<\/p>\n\n\n\n<h3 class=\"wp-block-heading\"><span class=\"ez-toc-section\" id=\"Follow_the_link\"><\/span>Siga o link:<span class=\"ez-toc-section-end\"><\/span><\/h3>\n\n\n\n<ul class=\"wp-block-list\">\n<li>V\u00e1 at\u00e9 a \"Informa\u00e7\u00e3o\";<\/li>\n\n\n\n<li>Selecione o aplicativo Android. Depois de terminar o download, v\u00e1 para \"Configura\u00e7\u00f5es\" e selecione \"Avan\u00e7ado\". Selecione \"Android app\", depois aguarde a instala\u00e7\u00e3o do programa.<\/li>\n\n\n\n<li>Instale o arquivo .apk uma vez que ele seja baixado.<\/li>\n<\/ul>\n\n\n\n<h3 class=\"wp-block-heading\"><span class=\"ez-toc-section\" id=\"Use_Chrome_menu\"><\/span>Use o menu cromado:<span class=\"ez-toc-section-end\"><\/span><\/h3>\n\n\n\n<ul class=\"wp-block-list\">\n<li>Clique no menu do navegador, no canto superior direito. (Deve parecer com tr\u00eas pontos).<\/li>\n\n\n\n<li>Selecione \"Instalar aplica\u00e7\u00e3o\";<\/li>\n\n\n\n<li>Clique em \"Instalar\" na janela pop-up;<\/li>\n\n\n\n<li>O \u00edcone do cassino aparecer\u00e1 na lista de aplicativos.<\/li>\n<\/ul>\n\n\n<div class=\"wp-block-image wp-image-41 size-full\">\n<figure class=\"aligncenter\"><a href=\"#go\" data-go=\"go\" rel=\"noreferrer noopener\"><img decoding=\"async\" width=\"245\" height=\"467\" src=\"https:\/\/luckyjet.co.com\/wp-content\/uploads\/2022\/10\/Jucky-Jet-Download.jpg\" alt=\"Lucky Jet Download\" class=\"wp-image-41\" srcset=\"https:\/\/luckyjet.co.com\/wp-content\/uploads\/2022\/10\/Jucky-Jet-Download.jpg 245w, https:\/\/luckyjet.co.com\/wp-content\/uploads\/2022\/10\/Jucky-Jet-Download-157x300.jpg 157w, https:\/\/luckyjet.co.com\/wp-content\/uploads\/2022\/10\/Jucky-Jet-Download-21x40.jpg 21w, https:\/\/luckyjet.co.com\/wp-content\/uploads\/2022\/10\/Jucky-Jet-Download-17x32.jpg 17w, https:\/\/luckyjet.co.com\/wp-content\/uploads\/2022\/10\/Jucky-Jet-Download-42x80.jpg 42w, https:\/\/luckyjet.co.com\/wp-content\/uploads\/2022\/10\/Jucky-Jet-Download-71x135.jpg 71w\" sizes=\"(max-width: 245px) 100vw, 245px\" \/><\/a><figcaption class=\"wp-element-caption\">Lucky Jet Download<\/figcaption><\/figure>\n<\/div>\n\n\n<div style=\"text-align: center;\"><a class=\"glow-button\" href=\"#go\" data-go=\"go\">Jogar Lucky Jet<\/a><\/div>\n\n\n\n<h2 class=\"wp-block-heading\"><span class=\"ez-toc-section\" id=\"Download_for_iOS\"><\/span>Download para iOS<span class=\"ez-toc-section-end\"><\/span><\/h2>\n\n\n\n<p>Para instalar o jogo em seu iPhone ou iPad, voc\u00ea precisa criar um bookmark no Safari e envi\u00e1-lo para a tela principal. Para fazer isso:<\/p>\n\n\n\n<ul class=\"wp-block-list\">\n<li>abra o Safari em seu iPhone;<\/li>\n\n\n\n<li>ir para o site do cassino;<\/li>\n\n\n\n<li>clique no bot\u00e3o \"Abrir\";<\/li>\n\n\n\n<li>selecionar \"tela principal\";<\/li>\n\n\n\n<li>o \u00edcone do cassino aparecer\u00e1 na tela principal do telefone.<\/li>\n<\/ul>\n\n\n\n<h2 class=\"wp-block-heading\"><span class=\"ez-toc-section\" id=\"Play_Lucky_Jet_game_on_your_computer\"><\/span>Jogue o jogo Lucky Jet no seu computador<span class=\"ez-toc-section-end\"><\/span><\/h2>\n\n\n\n<p>O jogo est\u00e1 dispon\u00edvel exclusivamente como uma vers\u00e3o web para Windows e MacOS. O jogo sempre pode ser encontrado na cole\u00e7\u00e3o de jogos do site 1win. Para obter feedback imediato sobre seu jogo, n\u00e3o se esque\u00e7a de marcar o site nos favoritos!<\/p>\n\n\n<div class=\"wp-block-image wp-image-42 size-full\">\n<figure class=\"aligncenter\"><a href=\"#go\" data-go=\"go\" rel=\"noreferrer noopener\"><img decoding=\"async\" width=\"694\" height=\"427\" src=\"https:\/\/luckyjet.co.com\/wp-content\/uploads\/2022\/10\/Play-Jucky-Jet-Game.jpg\" alt=\"Jogue o jogo Lucky Jet\" class=\"wp-image-42\" srcset=\"https:\/\/luckyjet.co.com\/wp-content\/uploads\/2022\/10\/Play-Jucky-Jet-Game.jpg 694w, https:\/\/luckyjet.co.com\/wp-content\/uploads\/2022\/10\/Play-Jucky-Jet-Game-300x185.jpg 300w, https:\/\/luckyjet.co.com\/wp-content\/uploads\/2022\/10\/Play-Jucky-Jet-Game-65x40.jpg 65w, https:\/\/luckyjet.co.com\/wp-content\/uploads\/2022\/10\/Play-Jucky-Jet-Game-52x32.jpg 52w, https:\/\/luckyjet.co.com\/wp-content\/uploads\/2022\/10\/Play-Jucky-Jet-Game-130x80.jpg 130w, https:\/\/luckyjet.co.com\/wp-content\/uploads\/2022\/10\/Play-Jucky-Jet-Game-219x135.jpg 219w\" sizes=\"(max-width: 694px) 100vw, 694px\" \/><\/a><figcaption class=\"wp-element-caption\">Jogue o jogo Lucky Jet<\/figcaption><\/figure>\n<\/div>\n\n\n<div style=\"text-align: center;\"><a class=\"glow-button\" href=\"#go\" data-go=\"go\">Jogar Lucky Jet no celular<\/a><\/div>\n\n\n\n<h2 class=\"wp-block-heading\"><span class=\"ez-toc-section\" id=\"Conclusion\"><\/span>Conclus\u00e3o<span class=\"ez-toc-section-end\"><\/span><\/h2>\n\n\n\n<p>O Lucky Jet \u00e9 um jogo de f\u00e1cil acesso e pode ser jogado em qualquer dispositivo. A \u00fanica coisa que voc\u00ea precisa \u00e9 de um navegador. E se voc\u00ea quiser jogar por dinheiro real, basta baixar o aplicativo ou usar a vers\u00e3o web em seu computador. Com um pouco de sorte, o Lucky Jet pode ajud\u00e1-lo a obter alguns lucros s\u00e9rios!<\/p>\n<div class=\"author-card author-card--top\"><img alt='Foto Avatar' src='https:\/\/luckyjet.co.com\/wp-content\/uploads\/2023\/03\/Chris-Hodge-130x130.jpg' srcset='https:\/\/luckyjet.co.com\/wp-content\/uploads\/2023\/03\/Chris-Hodge-260x260.jpg 2x' class='avatar avatar-130 photo author-image' height='130' width='130' \/><div class=\"author-content text-md-center\"><span class=\"author-title\">Autor<\/span><a href=\"https:\/\/luckyjet.co.com\/pt\/author\/chris-hodge\/\" class=\"author-name\">Chris Hodge<\/a><p class=\"author__details\">Chris Hodge \u00e9 um especialista em jogos de azar. Ele joga e estuda jogos de cassino h\u00e1 mais de 10 anos. Naquele tempo, ele desenvolveu uma compreens\u00e3o \u00edntima das estrat\u00e9gias e mec\u00e2nica por tr\u00e1s de cada jogo no cassino.<br \/>\r\n<br \/>\r\nO conhecimento e a experi\u00eancia de Chris lhe deram um lugar como colaborador regular em v\u00e1rias publica\u00e7\u00f5es de ponta sobre jogos de azar. Ele tamb\u00e9m \u00e9 freq\u00fcentemente chamado pelos cassinos para fornecer conselhos especializados sobre novos jogos e promo\u00e7\u00f5es.<\/p><\/div><!-- \/.author-content --><\/div>","protected":false},"excerpt":{"rendered":"<p>Jogue Lucky Jet no 1Win Casino \u00c9 simples come\u00e7ar a jogar o jogo Lucky Jet. O jogo estar\u00e1 dispon\u00edvel para Android, iOS e Windows ou MacOS. O Lucky Jet \u00e9 apenas um jogo de navegador que n\u00e3o ser\u00e1 encontrado em nenhuma loja de aplicativos. Isso se deve ao fato de a AppStore da Apple e a Play Store do Google [...]<\/p>","protected":false},"author":2,"featured_media":0,"parent":0,"menu_order":0,"comment_status":"closed","ping_status":"closed","template":"page-no-sidebar.php","meta":{"_acf_changed":false,"footnotes":""},"class_list":["post-27","page","type-page","status-publish","hentry"],"acf":[],"yoast_head":"<!-- This site is optimized with the Yoast SEO plugin v27.5 - https:\/\/yoast.com\/product\/yoast-seo-wordpress\/ -->\n<title>How to Download Lucky Jet App: Android, iPhone, Windows or Mac<\/title>\n<meta name=\"description\" content=\"How to download Lucky Jet App for Android, iPhone, Windows or Mac. Download Lucky Jet 1win casino game on your smartphone \ud83d\ude80 How to Install Lucky Jet apk\" \/>\n<meta name=\"robots\" content=\"index, follow, max-snippet:-1, max-image-preview:large, max-video-preview:-1\" \/>\n<link rel=\"canonical\" href=\"https:\/\/luckyjet.co.com\/pt\/download-lucky-jet-app\/\" \/>\n<meta property=\"og:locale\" content=\"pt_BR\" \/>\n<meta property=\"og:type\" content=\"article\" \/>\n<meta property=\"og:title\" content=\"How to Download Lucky Jet App: Android, iPhone, Windows or Mac\" \/>\n<meta property=\"og:description\" content=\"How to download Lucky Jet App for Android, iPhone, Windows or Mac. Download Lucky Jet 1win casino game on your smartphone \ud83d\ude80 How to Install Lucky Jet apk\" \/>\n<meta property=\"og:url\" content=\"https:\/\/luckyjet.co.com\/pt\/download-lucky-jet-app\/\" \/>\n<meta property=\"og:site_name\" content=\"Lucky Jet Games\" \/>\n<meta property=\"article:modified_time\" content=\"2024-03-12T18:02:22+00:00\" \/>\n<meta property=\"og:image\" content=\"https:\/\/luckyjet.co.com\/wp-content\/uploads\/2022\/10\/Jucky-Jet-App.jpg\" \/>\n<meta name=\"twitter:card\" content=\"summary_large_image\" \/>\n<meta name=\"twitter:label1\" content=\"Est. tempo de leitura\" \/>\n\t<meta name=\"twitter:data1\" content=\"4 minutos\" \/>\n<!-- \/ Yoast SEO plugin. -->","yoast_head_json":{"title":"Como baixar o aplicativo Lucky Jet Android, iPhone, Windows ou Mac","description":"Como baixar o aplicativo Lucky Jet para Android, iPhone, Windows ou Mac. Baixe o jogo de cassino Lucky Jet 1win em seu smartphone \ud83d\ude80 Como instalar o apk Lucky Jet","robots":{"index":"index","follow":"follow","max-snippet":"max-snippet:-1","max-image-preview":"max-image-preview:large","max-video-preview":"max-video-preview:-1"},"canonical":"https:\/\/luckyjet.co.com\/pt\/download-lucky-jet-app\/","og_locale":"pt_BR","og_type":"article","og_title":"How to Download Lucky Jet App: Android, iPhone, Windows or Mac","og_description":"How to download Lucky Jet App for Android, iPhone, Windows or Mac. Download Lucky Jet 1win casino game on your smartphone \ud83d\ude80 How to Install Lucky Jet apk","og_url":"https:\/\/luckyjet.co.com\/pt\/download-lucky-jet-app\/","og_site_name":"Lucky Jet Games","article_modified_time":"2024-03-12T18:02:22+00:00","og_image":[{"url":"https:\/\/luckyjet.co.com\/wp-content\/uploads\/2022\/10\/Jucky-Jet-App.jpg","type":"","width":"","height":""}],"twitter_card":"summary_large_image","twitter_misc":{"Est. tempo de leitura":"4 minutos"},"schema":{"@context":"https:\/\/schema.org","@graph":[{"@type":"WebPage","@id":"https:\/\/luckyjet.co.com\/download-lucky-jet-app\/","url":"https:\/\/luckyjet.co.com\/download-lucky-jet-app\/","name":"Como baixar o aplicativo Lucky Jet Android, iPhone, Windows ou Mac","isPartOf":{"@id":"https:\/\/luckyjet.co.com\/de\/#website"},"primaryImageOfPage":{"@id":"https:\/\/luckyjet.co.com\/download-lucky-jet-app\/#primaryimage"},"image":{"@id":"https:\/\/luckyjet.co.com\/download-lucky-jet-app\/#primaryimage"},"thumbnailUrl":"https:\/\/luckyjet.co.com\/wp-content\/uploads\/2022\/10\/Jucky-Jet-App.jpg","datePublished":"2022-10-07T14:43:44+00:00","dateModified":"2024-03-12T18:02:22+00:00","description":"Como baixar o aplicativo Lucky Jet para Android, iPhone, Windows ou Mac. Baixe o jogo de cassino Lucky Jet 1win em seu smartphone \ud83d\ude80 Como instalar o apk Lucky Jet","breadcrumb":{"@id":"https:\/\/luckyjet.co.com\/download-lucky-jet-app\/#breadcrumb"},"inLanguage":"pt-BR","potentialAction":[{"@type":"ReadAction","target":["https:\/\/luckyjet.co.com\/download-lucky-jet-app\/"]}]},{"@type":"ImageObject","inLanguage":"pt-BR","@id":"https:\/\/luckyjet.co.com\/download-lucky-jet-app\/#primaryimage","url":"https:\/\/luckyjet.co.com\/wp-content\/uploads\/2022\/10\/Jucky-Jet-App.jpg","contentUrl":"https:\/\/luckyjet.co.com\/wp-content\/uploads\/2022\/10\/Jucky-Jet-App.jpg"},{"@type":"BreadcrumbList","@id":"https:\/\/luckyjet.co.com\/download-lucky-jet-app\/#breadcrumb","itemListElement":[{"@type":"ListItem","position":1,"name":"Home","item":"https:\/\/luckyjet.co.com\/"},{"@type":"ListItem","position":2,"name":"How to Download Lucky Jet App"}]},{"@type":"WebSite","@id":"https:\/\/luckyjet.co.com\/de\/#website","url":"https:\/\/luckyjet.co.com\/de\/","name":"Jogos Lucky Jet","description":"","publisher":{"@id":"https:\/\/luckyjet.co.com\/de\/#organization"},"potentialAction":[{"@type":"SearchAction","target":{"@type":"EntryPoint","urlTemplate":"https:\/\/luckyjet.co.com\/de\/?s={search_term_string}"},"query-input":{"@type":"PropertyValueSpecification","valueRequired":true,"valueName":"search_term_string"}}],"inLanguage":"pt-BR"},{"@type":"Organization","@id":"https:\/\/luckyjet.co.com\/de\/#organization","name":"Jogos Lucky Jet","url":"https:\/\/luckyjet.co.com\/de\/","logo":{"@type":"ImageObject","inLanguage":"pt-BR","@id":"https:\/\/luckyjet.co.com\/de\/#\/schema\/logo\/image\/","url":"https:\/\/luckyjet.co.com\/wp-content\/uploads\/2022\/10\/Lucky-Jet-Game.png","contentUrl":"https:\/\/luckyjet.co.com\/wp-content\/uploads\/2022\/10\/Lucky-Jet-Game.png","width":711,"height":599,"caption":"Lucky Jet Games"},"image":{"@id":"https:\/\/luckyjet.co.com\/de\/#\/schema\/logo\/image\/"}}]}},"_links":{"self":[{"href":"https:\/\/luckyjet.co.com\/pt\/wp-json\/wp\/v2\/pages\/27","targetHints":{"allow":["GET"]}}],"collection":[{"href":"https:\/\/luckyjet.co.com\/pt\/wp-json\/wp\/v2\/pages"}],"about":[{"href":"https:\/\/luckyjet.co.com\/pt\/wp-json\/wp\/v2\/types\/page"}],"author":[{"embeddable":true,"href":"https:\/\/luckyjet.co.com\/pt\/wp-json\/wp\/v2\/users\/2"}],"replies":[{"embeddable":true,"href":"https:\/\/luckyjet.co.com\/pt\/wp-json\/wp\/v2\/comments?post=27"}],"version-history":[{"count":0,"href":"https:\/\/luckyjet.co.com\/pt\/wp-json\/wp\/v2\/pages\/27\/revisions"}],"wp:attachment":[{"href":"https:\/\/luckyjet.co.com\/pt\/wp-json\/wp\/v2\/media?parent=27"}],"curies":[{"name":"wp","href":"https:\/\/api.w.org\/{rel}","templated":true}]}}